{"id":2820,"date":"2022-11-15T15:39:24","date_gmt":"2022-11-15T14:39:24","guid":{"rendered":"https:\/\/www.chocolaterie-lamy.com\/boutique\/?post_type=product&#038;p=2820"},"modified":"2023-03-24T10:36:11","modified_gmt":"2023-03-24T09:36:11","slug":"bouchee-au-praline-enrobee-dun-chocolat-noir-noisette","status":"publish","type":"product","link":"https:\/\/www.chocolaterie-lamy.com\/boutique\/produit\/bouchee-au-praline-enrobee-dun-chocolat-noir-noisette\/","title":{"rendered":"Bouch\u00e9e au pralin\u00e9 enrob\u00e9e d&rsquo;un chocolat noir noisette"},"content":{"rendered":"<p><strong>Conservation<\/strong><br \/>\nA conserver dans leur emballage \u00e0 une temp\u00e9rature ambiante, entre 17\u00b0C et 20\u00b0C.<br \/>\nA conserver \u00e0 l\u2019abri de la chaleur et de l\u2019humidit\u00e9.<\/p>\n<p><strong>Consommation<\/strong><br \/>\nA consommer dans les 4 semaines \u00e0 la r\u00e9ception du produit.<\/p>\n","protected":false},"excerpt":{"rendered":"<div class=\"page\" title=\"Page 2\">\n<div class=\"layoutArea\">\n<div class=\"column\">\n<p>Pralin\u00e9 amandes noisettes enrob\u00e9 d\u2019un chocolat noir noisette<\/p>\n<\/div>\n<\/div>\n<\/div>\n<p><em>Poids : 90g<\/em><\/p>\n","protected":false},"featured_media":2571,"template":"","meta":[],"product_cat":[31],"product_tag":[105,73,27,36],"yoast_head":"<!-- This site is optimized with the Yoast SEO plugin v19.8 - https:\/\/yoast.com\/wordpress\/plugins\/seo\/ -->\n<title>Bouch\u00e9e au pralin\u00e9 enrob\u00e9e d&#039;un chocolat noir noisette - Chocolaterie Lamy<\/title>\n<meta name=\"description\" content=\"Pralin\u00e9 amandes noisettes enrob\u00e9 d\u2019un chocolat noir noisette\" \/>\n<meta name=\"robots\" content=\"index, follow, max-snippet:-1, max-image-preview:large, max-video-preview:-1\" \/>\n<link rel=\"canonical\" href=\"https:\/\/www.chocolaterie-lamy.com\/boutique\/produit\/bouchee-au-praline-enrobee-dun-chocolat-noir-noisette\/\" \/>\n<meta property=\"og:locale\" content=\"fr_FR\" \/>\n<meta property=\"og:type\" content=\"article\" \/>\n<meta property=\"og:title\" content=\"Bouch\u00e9e au pralin\u00e9 enrob\u00e9e d&#039;un chocolat noir noisette - Chocolaterie Lamy\" \/>\n<meta property=\"og:description\" content=\"Pralin\u00e9 amandes noisettes enrob\u00e9 d\u2019un chocolat noir noisette\" \/>\n<meta property=\"og:url\" content=\"https:\/\/www.chocolaterie-lamy.com\/boutique\/produit\/bouchee-au-praline-enrobee-dun-chocolat-noir-noisette\/\" \/>\n<meta property=\"og:site_name\" content=\"Chocolaterie Lamy\" \/>\n<meta property=\"article:modified_time\" content=\"2023-03-24T09:36:11+00:00\" \/>\n<meta property=\"og:image\" content=\"https:\/\/www.chocolaterie-lamy.com\/boutique\/wp-content\/uploads\/2015\/08\/Rocher_Noir.jpg\" \/>\n\t<meta property=\"og:image:width\" content=\"800\" \/>\n\t<meta property=\"og:image:height\" content=\"993\" \/>\n\t<meta property=\"og:image:type\" content=\"image\/jpeg\" \/>\n<meta name=\"twitter:card\" content=\"summary_large_image\" \/>\n<meta name=\"twitter:label1\" content=\"Dur\u00e9e de lecture estim\u00e9e\" \/>\n\t<meta name=\"twitter:data1\" content=\"1 minute\" \/>\n<script type=\"application\/ld+json\" class=\"yoast-schema-graph\">{\"@context\":\"https:\/\/schema.org\",\"@graph\":[{\"@type\":\"WebPage\",\"@id\":\"https:\/\/www.chocolaterie-lamy.com\/boutique\/produit\/bouchee-au-praline-enrobee-dun-chocolat-noir-noisette\/\",\"url\":\"https:\/\/www.chocolaterie-lamy.com\/boutique\/produit\/bouchee-au-praline-enrobee-dun-chocolat-noir-noisette\/\",\"name\":\"Bouch\u00e9e au pralin\u00e9 enrob\u00e9e d'un chocolat noir noisette - Chocolaterie Lamy\",\"isPartOf\":{\"@id\":\"https:\/\/www.chocolaterie-lamy.com\/boutique\/#website\"},\"datePublished\":\"2022-11-15T14:39:24+00:00\",\"dateModified\":\"2023-03-24T09:36:11+00:00\",\"description\":\"Pralin\u00e9 amandes noisettes enrob\u00e9 d\u2019un chocolat noir noisette\",\"breadcrumb\":{\"@id\":\"https:\/\/www.chocolaterie-lamy.com\/boutique\/produit\/bouchee-au-praline-enrobee-dun-chocolat-noir-noisette\/#breadcrumb\"},\"inLanguage\":\"fr-FR\",\"potentialAction\":[{\"@type\":\"ReadAction\",\"target\":[\"https:\/\/www.chocolaterie-lamy.com\/boutique\/produit\/bouchee-au-praline-enrobee-dun-chocolat-noir-noisette\/\"]}]},{\"@type\":\"BreadcrumbList\",\"@id\":\"https:\/\/www.chocolaterie-lamy.com\/boutique\/produit\/bouchee-au-praline-enrobee-dun-chocolat-noir-noisette\/#breadcrumb\",\"itemListElement\":[{\"@type\":\"ListItem\",\"position\":1,\"name\":\"Boutique\",\"item\":\"https:\/\/www.chocolaterie-lamy.com\/boutique\/\"},{\"@type\":\"ListItem\",\"position\":2,\"name\":\"Bouch\u00e9e au pralin\u00e9 enrob\u00e9e d&rsquo;un chocolat noir noisette\"}]},{\"@type\":\"WebSite\",\"@id\":\"https:\/\/www.chocolaterie-lamy.com\/boutique\/#website\",\"url\":\"https:\/\/www.chocolaterie-lamy.com\/boutique\/\",\"name\":\"Chocolaterie Lamy\",\"description\":\"Chocolats de fabrication 100% maison\",\"potentialAction\":[{\"@type\":\"SearchAction\",\"target\":{\"@type\":\"EntryPoint\",\"urlTemplate\":\"https:\/\/www.chocolaterie-lamy.com\/boutique\/?s={search_term_string}\"},\"query-input\":\"required name=search_term_string\"}],\"inLanguage\":\"fr-FR\"}]}<\/script>\n<!-- \/ Yoast SEO plugin. -->","yoast_head_json":{"title":"Bouch\u00e9e au pralin\u00e9 enrob\u00e9e d'un chocolat noir noisette - Chocolaterie Lamy","description":"Pralin\u00e9 amandes noisettes enrob\u00e9 d\u2019un chocolat noir noisette","robots":{"index":"index","follow":"follow","max-snippet":"max-snippet:-1","max-image-preview":"max-image-preview:large","max-video-preview":"max-video-preview:-1"},"canonical":"https:\/\/www.chocolaterie-lamy.com\/boutique\/produit\/bouchee-au-praline-enrobee-dun-chocolat-noir-noisette\/","og_locale":"fr_FR","og_type":"article","og_title":"Bouch\u00e9e au pralin\u00e9 enrob\u00e9e d'un chocolat noir noisette - Chocolaterie Lamy","og_description":"Pralin\u00e9 amandes noisettes enrob\u00e9 d\u2019un chocolat noir noisette","og_url":"https:\/\/www.chocolaterie-lamy.com\/boutique\/produit\/bouchee-au-praline-enrobee-dun-chocolat-noir-noisette\/","og_site_name":"Chocolaterie Lamy","article_modified_time":"2023-03-24T09:36:11+00:00","og_image":[{"width":800,"height":993,"url":"https:\/\/www.chocolaterie-lamy.com\/boutique\/wp-content\/uploads\/2015\/08\/Rocher_Noir.jpg","type":"image\/jpeg"}],"twitter_card":"summary_large_image","twitter_misc":{"Dur\u00e9e de lecture estim\u00e9e":"1 minute"},"schema":{"@context":"https:\/\/schema.org","@graph":[{"@type":"WebPage","@id":"https:\/\/www.chocolaterie-lamy.com\/boutique\/produit\/bouchee-au-praline-enrobee-dun-chocolat-noir-noisette\/","url":"https:\/\/www.chocolaterie-lamy.com\/boutique\/produit\/bouchee-au-praline-enrobee-dun-chocolat-noir-noisette\/","name":"Bouch\u00e9e au pralin\u00e9 enrob\u00e9e d'un chocolat noir noisette - Chocolaterie Lamy","isPartOf":{"@id":"https:\/\/www.chocolaterie-lamy.com\/boutique\/#website"},"datePublished":"2022-11-15T14:39:24+00:00","dateModified":"2023-03-24T09:36:11+00:00","description":"Pralin\u00e9 amandes noisettes enrob\u00e9 d\u2019un chocolat noir noisette","breadcrumb":{"@id":"https:\/\/www.chocolaterie-lamy.com\/boutique\/produit\/bouchee-au-praline-enrobee-dun-chocolat-noir-noisette\/#breadcrumb"},"inLanguage":"fr-FR","potentialAction":[{"@type":"ReadAction","target":["https:\/\/www.chocolaterie-lamy.com\/boutique\/produit\/bouchee-au-praline-enrobee-dun-chocolat-noir-noisette\/"]}]},{"@type":"BreadcrumbList","@id":"https:\/\/www.chocolaterie-lamy.com\/boutique\/produit\/bouchee-au-praline-enrobee-dun-chocolat-noir-noisette\/#breadcrumb","itemListElement":[{"@type":"ListItem","position":1,"name":"Boutique","item":"https:\/\/www.chocolaterie-lamy.com\/boutique\/"},{"@type":"ListItem","position":2,"name":"Bouch\u00e9e au pralin\u00e9 enrob\u00e9e d&rsquo;un chocolat noir noisette"}]},{"@type":"WebSite","@id":"https:\/\/www.chocolaterie-lamy.com\/boutique\/#website","url":"https:\/\/www.chocolaterie-lamy.com\/boutique\/","name":"Chocolaterie Lamy","description":"Chocolats de fabrication 100% maison","potentialAction":[{"@type":"SearchAction","target":{"@type":"EntryPoint","urlTemplate":"https:\/\/www.chocolaterie-lamy.com\/boutique\/?s={search_term_string}"},"query-input":"required name=search_term_string"}],"inLanguage":"fr-FR"}]}},"post_mailing_queue_ids":[],"_links":{"self":[{"href":"https:\/\/www.chocolaterie-lamy.com\/boutique\/wp-json\/wp\/v2\/product\/2820"}],"collection":[{"href":"https:\/\/www.chocolaterie-lamy.com\/boutique\/wp-json\/wp\/v2\/product"}],"about":[{"href":"https:\/\/www.chocolaterie-lamy.com\/boutique\/wp-json\/wp\/v2\/types\/product"}],"wp:featuredmedia":[{"embeddable":true,"href":"https:\/\/www.chocolaterie-lamy.com\/boutique\/wp-json\/wp\/v2\/media\/2571"}],"wp:attachment":[{"href":"https:\/\/www.chocolaterie-lamy.com\/boutique\/wp-json\/wp\/v2\/media?parent=2820"}],"wp:term":[{"taxonomy":"product_cat","embeddable":true,"href":"https:\/\/www.chocolaterie-lamy.com\/boutique\/wp-json\/wp\/v2\/product_cat?post=2820"},{"taxonomy":"product_tag","embeddable":true,"href":"https:\/\/www.chocolaterie-lamy.com\/boutique\/wp-json\/wp\/v2\/product_tag?post=2820"}],"curies":[{"name":"wp","href":"https:\/\/api.w.org\/{rel}","templated":true}]}}