{"id":2755,"date":"2022-10-31T09:35:58","date_gmt":"2022-10-31T08:35:58","guid":{"rendered":"https:\/\/www.chocolaterie-lamy.com\/boutique\/?post_type=product&#038;p=2755"},"modified":"2023-05-17T18:20:06","modified_gmt":"2023-05-17T16:20:06","slug":"pate-a-tartiner-feuilletine","status":"publish","type":"product","link":"https:\/\/www.chocolaterie-lamy.com\/boutique\/produit\/pate-a-tartiner-feuilletine\/","title":{"rendered":"P\u00e2te \u00e0 tartiner \u2013 Feuilletine"},"content":{"rendered":"<p><strong>Conservation<\/strong><br \/>\nA conserver dans leur emballage \u00e0 une temp\u00e9rature ambiante, entre 17\u00b0C et 20\u00b0C.<br \/>\nNe pas mettre au r\u00e9frig\u00e9rateur.<br \/>\nA conserver \u00e0 l\u2019abri de la chaleur et de l\u2019humidit\u00e9.<\/p>\n<p><strong>Consommation<\/strong><br \/>\nA consommer dans les 12 mois apr\u00e8s r\u00e9ception du produit (cf. DLC au dos du produit).<\/p>\n<p><strong>Ingr\u00e9dients\u00a0<\/strong><br \/>\nPralin\u00e9 noisettes, gianduja, poudre de cacao, poudre de lait, p\u00e2te de noisettes, feuilletine (farine de bl\u00e9, sucre, beurre, lait \u00e9cr\u00e9m\u00e9 en poudre, malt d\u2019orge, sel)<\/p>\n","protected":false},"excerpt":{"rendered":"<p><strong>P\u00e2te \u00e0 tartiner \u00ab\u00a0bean to bar\u00a0\u00bb feuilletine <\/strong><\/p>\n<p>Laissez-vous surprendre par les saveurs de notre p\u00e2te \u00e0 tartiner croustillante. Elle a \u00e9t\u00e9 enti\u00e8rement confectionn\u00e9e dans l\u2019atelier de notre chocolaterie.<\/p>\n<p><em>Poids net : 210g<\/em><\/p>\n","protected":false},"featured_media":2756,"template":"","meta":[],"product_cat":[31],"product_tag":[99,71,100],"yoast_head":"<!-- This site is optimized with the Yoast SEO plugin v19.8 - https:\/\/yoast.com\/wordpress\/plugins\/seo\/ -->\n<title>P\u00e2te \u00e0 tartiner \u2013 Feuilletine - Chocolaterie Lamy<\/title>\n<meta name=\"description\" content=\"P\u00e2te \u00e0 tartiner \u00ab\u00a0bean to bar\u00a0\u00bb feuilletine\" \/>\n<meta name=\"robots\" content=\"index, follow, max-snippet:-1, max-image-preview:large, max-video-preview:-1\" \/>\n<link rel=\"canonical\" href=\"https:\/\/www.chocolaterie-lamy.com\/boutique\/produit\/pate-a-tartiner-feuilletine\/\" \/>\n<meta property=\"og:locale\" content=\"fr_FR\" \/>\n<meta property=\"og:type\" content=\"article\" \/>\n<meta property=\"og:title\" content=\"P\u00e2te \u00e0 tartiner \u2013 Feuilletine - Chocolaterie Lamy\" \/>\n<meta property=\"og:description\" content=\"P\u00e2te \u00e0 tartiner \u00ab\u00a0bean to bar\u00a0\u00bb feuilletine\" \/>\n<meta property=\"og:url\" content=\"https:\/\/www.chocolaterie-lamy.com\/boutique\/produit\/pate-a-tartiner-feuilletine\/\" \/>\n<meta property=\"og:site_name\" content=\"Chocolaterie Lamy\" \/>\n<meta property=\"article:modified_time\" content=\"2023-05-17T16:20:06+00:00\" \/>\n<meta name=\"twitter:card\" content=\"summary_large_image\" \/>\n<meta name=\"twitter:image\" content=\"https:\/\/www.chocolaterie-lamy.com\/boutique\/wp-content\/uploads\/2022\/10\/feuilletine01.jpg\" \/>\n<meta name=\"twitter:label1\" content=\"Dur\u00e9e de lecture estim\u00e9e\" \/>\n\t<meta name=\"twitter:data1\" content=\"1 minute\" \/>\n<script type=\"application\/ld+json\" class=\"yoast-schema-graph\">{\"@context\":\"https:\/\/schema.org\",\"@graph\":[{\"@type\":\"WebPage\",\"@id\":\"https:\/\/www.chocolaterie-lamy.com\/boutique\/produit\/pate-a-tartiner-feuilletine\/\",\"url\":\"https:\/\/www.chocolaterie-lamy.com\/boutique\/produit\/pate-a-tartiner-feuilletine\/\",\"name\":\"P\u00e2te \u00e0 tartiner \u2013 Feuilletine - Chocolaterie Lamy\",\"isPartOf\":{\"@id\":\"https:\/\/www.chocolaterie-lamy.com\/boutique\/#website\"},\"datePublished\":\"2022-10-31T08:35:58+00:00\",\"dateModified\":\"2023-05-17T16:20:06+00:00\",\"description\":\"P\u00e2te \u00e0 tartiner \u00ab\u00a0bean to bar\u00a0\u00bb feuilletine\",\"breadcrumb\":{\"@id\":\"https:\/\/www.chocolaterie-lamy.com\/boutique\/produit\/pate-a-tartiner-feuilletine\/#breadcrumb\"},\"inLanguage\":\"fr-FR\",\"potentialAction\":[{\"@type\":\"ReadAction\",\"target\":[\"https:\/\/www.chocolaterie-lamy.com\/boutique\/produit\/pate-a-tartiner-feuilletine\/\"]}]},{\"@type\":\"BreadcrumbList\",\"@id\":\"https:\/\/www.chocolaterie-lamy.com\/boutique\/produit\/pate-a-tartiner-feuilletine\/#breadcrumb\",\"itemListElement\":[{\"@type\":\"ListItem\",\"position\":1,\"name\":\"Boutique\",\"item\":\"https:\/\/www.chocolaterie-lamy.com\/boutique\/\"},{\"@type\":\"ListItem\",\"position\":2,\"name\":\"P\u00e2te \u00e0 tartiner \u2013 Feuilletine\"}]},{\"@type\":\"WebSite\",\"@id\":\"https:\/\/www.chocolaterie-lamy.com\/boutique\/#website\",\"url\":\"https:\/\/www.chocolaterie-lamy.com\/boutique\/\",\"name\":\"Chocolaterie Lamy\",\"description\":\"Chocolats de fabrication 100% maison\",\"potentialAction\":[{\"@type\":\"SearchAction\",\"target\":{\"@type\":\"EntryPoint\",\"urlTemplate\":\"https:\/\/www.chocolaterie-lamy.com\/boutique\/?s={search_term_string}\"},\"query-input\":\"required name=search_term_string\"}],\"inLanguage\":\"fr-FR\"}]}<\/script>\n<!-- \/ Yoast SEO plugin. -->","yoast_head_json":{"title":"P\u00e2te \u00e0 tartiner \u2013 Feuilletine - Chocolaterie Lamy","description":"P\u00e2te \u00e0 tartiner \u00ab\u00a0bean to bar\u00a0\u00bb feuilletine","robots":{"index":"index","follow":"follow","max-snippet":"max-snippet:-1","max-image-preview":"max-image-preview:large","max-video-preview":"max-video-preview:-1"},"canonical":"https:\/\/www.chocolaterie-lamy.com\/boutique\/produit\/pate-a-tartiner-feuilletine\/","og_locale":"fr_FR","og_type":"article","og_title":"P\u00e2te \u00e0 tartiner \u2013 Feuilletine - Chocolaterie Lamy","og_description":"P\u00e2te \u00e0 tartiner \u00ab\u00a0bean to bar\u00a0\u00bb feuilletine","og_url":"https:\/\/www.chocolaterie-lamy.com\/boutique\/produit\/pate-a-tartiner-feuilletine\/","og_site_name":"Chocolaterie Lamy","article_modified_time":"2023-05-17T16:20:06+00:00","twitter_card":"summary_large_image","twitter_image":"https:\/\/www.chocolaterie-lamy.com\/boutique\/wp-content\/uploads\/2022\/10\/feuilletine01.jpg","twitter_misc":{"Dur\u00e9e de lecture estim\u00e9e":"1 minute"},"schema":{"@context":"https:\/\/schema.org","@graph":[{"@type":"WebPage","@id":"https:\/\/www.chocolaterie-lamy.com\/boutique\/produit\/pate-a-tartiner-feuilletine\/","url":"https:\/\/www.chocolaterie-lamy.com\/boutique\/produit\/pate-a-tartiner-feuilletine\/","name":"P\u00e2te \u00e0 tartiner \u2013 Feuilletine - Chocolaterie Lamy","isPartOf":{"@id":"https:\/\/www.chocolaterie-lamy.com\/boutique\/#website"},"datePublished":"2022-10-31T08:35:58+00:00","dateModified":"2023-05-17T16:20:06+00:00","description":"P\u00e2te \u00e0 tartiner \u00ab\u00a0bean to bar\u00a0\u00bb feuilletine","breadcrumb":{"@id":"https:\/\/www.chocolaterie-lamy.com\/boutique\/produit\/pate-a-tartiner-feuilletine\/#breadcrumb"},"inLanguage":"fr-FR","potentialAction":[{"@type":"ReadAction","target":["https:\/\/www.chocolaterie-lamy.com\/boutique\/produit\/pate-a-tartiner-feuilletine\/"]}]},{"@type":"BreadcrumbList","@id":"https:\/\/www.chocolaterie-lamy.com\/boutique\/produit\/pate-a-tartiner-feuilletine\/#breadcrumb","itemListElement":[{"@type":"ListItem","position":1,"name":"Boutique","item":"https:\/\/www.chocolaterie-lamy.com\/boutique\/"},{"@type":"ListItem","position":2,"name":"P\u00e2te \u00e0 tartiner \u2013 Feuilletine"}]},{"@type":"WebSite","@id":"https:\/\/www.chocolaterie-lamy.com\/boutique\/#website","url":"https:\/\/www.chocolaterie-lamy.com\/boutique\/","name":"Chocolaterie Lamy","description":"Chocolats de fabrication 100% maison","potentialAction":[{"@type":"SearchAction","target":{"@type":"EntryPoint","urlTemplate":"https:\/\/www.chocolaterie-lamy.com\/boutique\/?s={search_term_string}"},"query-input":"required name=search_term_string"}],"inLanguage":"fr-FR"}]}},"post_mailing_queue_ids":[],"_links":{"self":[{"href":"https:\/\/www.chocolaterie-lamy.com\/boutique\/wp-json\/wp\/v2\/product\/2755"}],"collection":[{"href":"https:\/\/www.chocolaterie-lamy.com\/boutique\/wp-json\/wp\/v2\/product"}],"about":[{"href":"https:\/\/www.chocolaterie-lamy.com\/boutique\/wp-json\/wp\/v2\/types\/product"}],"wp:featuredmedia":[{"embeddable":true,"href":"https:\/\/www.chocolaterie-lamy.com\/boutique\/wp-json\/wp\/v2\/media\/2756"}],"wp:attachment":[{"href":"https:\/\/www.chocolaterie-lamy.com\/boutique\/wp-json\/wp\/v2\/media?parent=2755"}],"wp:term":[{"taxonomy":"product_cat","embeddable":true,"href":"https:\/\/www.chocolaterie-lamy.com\/boutique\/wp-json\/wp\/v2\/product_cat?post=2755"},{"taxonomy":"product_tag","embeddable":true,"href":"https:\/\/www.chocolaterie-lamy.com\/boutique\/wp-json\/wp\/v2\/product_tag?post=2755"}],"curies":[{"name":"wp","href":"https:\/\/api.w.org\/{rel}","templated":true}]}}