{"id":2744,"date":"2022-10-27T16:36:14","date_gmt":"2022-10-27T14:36:14","guid":{"rendered":"https:\/\/www.chocolaterie-lamy.com\/boutique\/?post_type=product&#038;p=2744"},"modified":"2022-11-15T14:41:06","modified_gmt":"2022-11-15T13:41:06","slug":"coffret-signature-3-tablettes-venezuela-colombie-ghana","status":"publish","type":"product","link":"https:\/\/www.chocolaterie-lamy.com\/boutique\/produit\/coffret-signature-3-tablettes-venezuela-colombie-ghana\/","title":{"rendered":"Coffret Signature 3 tablettes : Venezuela &#8211; Colombie &#8211; Ghana"},"content":{"rendered":"<p><strong>Conservation<\/strong><br \/>\nA conserver dans leur emballage \u00e0 une temp\u00e9rature ambiante, entre 17\u00b0C et 20\u00b0C.<br \/>\nNe pas mettre au r\u00e9frig\u00e9rateur.<br \/>\nA conserver \u00e0 l\u2019abri de la chaleur et de l\u2019humidit\u00e9.<\/p>\n<p><strong>Consommation<\/strong><br \/>\nA consommer dans les 12 mois apr\u00e8s r\u00e9ception du produit (cf. DLC au dos du produit).<\/p>\n<p><strong>Ingr\u00e9dients\u00a0<\/strong><br \/>\nF\u00e8ves de cacao, beurre de cacao, sucre, l\u00e9cithine de tournesol. Peut contenir des traces de fruits \u00e0 coque et de lactose.<\/p>\n","protected":false},"excerpt":{"rendered":"<p><strong>3 tablettes de chocolat noir \u00ab\u00a0bean to bar\u00a0\u00bb s\u00e9lectionn\u00e9es par nos soins<\/strong><\/p>\n<p>Origine des f\u00e8ves de cacao\u00a0: Venezuela \u2013 P\u00e9rou &#8211; Philippines<br \/>\nVenezuela\u00a0: notes de d\u00e9gustation fruit\u00e9es\u00a0(fruits jaunes, agrumes et fruits secs).<br \/>\nColombie : notes de d\u00e9gustation intenses et fruit\u00e9es (noix et fruits jaunes)<br \/>\nGhana : notes de d\u00e9gustation intenses et fruit\u00e9es (fruits secs).<\/p>\n<p>Ces tablettes ont \u00e9t\u00e9 enti\u00e8rement confectionn\u00e9es dans l\u2019atelier de notre chocolaterie.<\/p>\n<p><em>24 carreaux de chocolat (3 x 8 carreaux)<\/em><br \/>\n<em>Poids net : 240g (3 x 80g)<\/em><\/p>\n","protected":false},"featured_media":2745,"template":"","meta":[],"product_cat":[21,61],"product_tag":[90,27,91,85,77,94,104,89,86],"yoast_head":"<!-- This site is optimized with the Yoast SEO plugin v19.8 - https:\/\/yoast.com\/wordpress\/plugins\/seo\/ -->\n<title>Coffret Signature 3 tablettes : Venezuela - Colombie - Ghana - Chocolaterie Lamy<\/title>\n<meta name=\"description\" content=\"3 tablettes de chocolat noir \u00ab\u00a0bean to bar\u00a0\u00bb s\u00e9lectionn\u00e9es par nos soins\" \/>\n<meta name=\"robots\" content=\"index, follow, max-snippet:-1, max-image-preview:large, max-video-preview:-1\" \/>\n<link rel=\"canonical\" href=\"https:\/\/www.chocolaterie-lamy.com\/boutique\/produit\/coffret-signature-3-tablettes-venezuela-colombie-ghana\/\" \/>\n<meta property=\"og:locale\" content=\"fr_FR\" \/>\n<meta property=\"og:type\" content=\"article\" \/>\n<meta property=\"og:title\" content=\"Coffret Signature 3 tablettes : Venezuela - Colombie - Ghana - Chocolaterie Lamy\" \/>\n<meta property=\"og:description\" content=\"3 tablettes de chocolat noir \u00ab\u00a0bean to bar\u00a0\u00bb s\u00e9lectionn\u00e9es par nos soins\" \/>\n<meta property=\"og:url\" content=\"https:\/\/www.chocolaterie-lamy.com\/boutique\/produit\/coffret-signature-3-tablettes-venezuela-colombie-ghana\/\" \/>\n<meta property=\"og:site_name\" content=\"Chocolaterie Lamy\" \/>\n<meta property=\"article:modified_time\" content=\"2022-11-15T13:41:06+00:00\" \/>\n<meta property=\"og:image\" content=\"https:\/\/www.chocolaterie-lamy.com\/boutique\/wp-content\/uploads\/2022\/10\/occ1.jpg\" \/>\n\t<meta property=\"og:image:width\" content=\"800\" \/>\n\t<meta property=\"og:image:height\" content=\"993\" \/>\n\t<meta property=\"og:image:type\" content=\"image\/jpeg\" \/>\n<meta name=\"twitter:card\" content=\"summary_large_image\" \/>\n<meta name=\"twitter:label1\" content=\"Dur\u00e9e de lecture estim\u00e9e\" \/>\n\t<meta name=\"twitter:data1\" content=\"1 minute\" \/>\n<script type=\"application\/ld+json\" class=\"yoast-schema-graph\">{\"@context\":\"https:\/\/schema.org\",\"@graph\":[{\"@type\":\"WebPage\",\"@id\":\"https:\/\/www.chocolaterie-lamy.com\/boutique\/produit\/coffret-signature-3-tablettes-venezuela-colombie-ghana\/\",\"url\":\"https:\/\/www.chocolaterie-lamy.com\/boutique\/produit\/coffret-signature-3-tablettes-venezuela-colombie-ghana\/\",\"name\":\"Coffret Signature 3 tablettes : Venezuela - Colombie - Ghana - Chocolaterie Lamy\",\"isPartOf\":{\"@id\":\"https:\/\/www.chocolaterie-lamy.com\/boutique\/#website\"},\"datePublished\":\"2022-10-27T14:36:14+00:00\",\"dateModified\":\"2022-11-15T13:41:06+00:00\",\"description\":\"3 tablettes de chocolat noir \u00ab\u00a0bean to bar\u00a0\u00bb s\u00e9lectionn\u00e9es par nos soins\",\"breadcrumb\":{\"@id\":\"https:\/\/www.chocolaterie-lamy.com\/boutique\/produit\/coffret-signature-3-tablettes-venezuela-colombie-ghana\/#breadcrumb\"},\"inLanguage\":\"fr-FR\",\"potentialAction\":[{\"@type\":\"ReadAction\",\"target\":[\"https:\/\/www.chocolaterie-lamy.com\/boutique\/produit\/coffret-signature-3-tablettes-venezuela-colombie-ghana\/\"]}]},{\"@type\":\"BreadcrumbList\",\"@id\":\"https:\/\/www.chocolaterie-lamy.com\/boutique\/produit\/coffret-signature-3-tablettes-venezuela-colombie-ghana\/#breadcrumb\",\"itemListElement\":[{\"@type\":\"ListItem\",\"position\":1,\"name\":\"Boutique\",\"item\":\"https:\/\/www.chocolaterie-lamy.com\/boutique\/\"},{\"@type\":\"ListItem\",\"position\":2,\"name\":\"Coffret Signature 3 tablettes : Venezuela &#8211; Colombie &#8211; Ghana\"}]},{\"@type\":\"WebSite\",\"@id\":\"https:\/\/www.chocolaterie-lamy.com\/boutique\/#website\",\"url\":\"https:\/\/www.chocolaterie-lamy.com\/boutique\/\",\"name\":\"Chocolaterie Lamy\",\"description\":\"Chocolats de fabrication 100% maison\",\"potentialAction\":[{\"@type\":\"SearchAction\",\"target\":{\"@type\":\"EntryPoint\",\"urlTemplate\":\"https:\/\/www.chocolaterie-lamy.com\/boutique\/?s={search_term_string}\"},\"query-input\":\"required name=search_term_string\"}],\"inLanguage\":\"fr-FR\"}]}<\/script>\n<!-- \/ Yoast SEO plugin. -->","yoast_head_json":{"title":"Coffret Signature 3 tablettes : Venezuela - Colombie - Ghana - Chocolaterie Lamy","description":"3 tablettes de chocolat noir \u00ab\u00a0bean to bar\u00a0\u00bb s\u00e9lectionn\u00e9es par nos soins","robots":{"index":"index","follow":"follow","max-snippet":"max-snippet:-1","max-image-preview":"max-image-preview:large","max-video-preview":"max-video-preview:-1"},"canonical":"https:\/\/www.chocolaterie-lamy.com\/boutique\/produit\/coffret-signature-3-tablettes-venezuela-colombie-ghana\/","og_locale":"fr_FR","og_type":"article","og_title":"Coffret Signature 3 tablettes : Venezuela - Colombie - Ghana - Chocolaterie Lamy","og_description":"3 tablettes de chocolat noir \u00ab\u00a0bean to bar\u00a0\u00bb s\u00e9lectionn\u00e9es par nos soins","og_url":"https:\/\/www.chocolaterie-lamy.com\/boutique\/produit\/coffret-signature-3-tablettes-venezuela-colombie-ghana\/","og_site_name":"Chocolaterie Lamy","article_modified_time":"2022-11-15T13:41:06+00:00","og_image":[{"width":800,"height":993,"url":"https:\/\/www.chocolaterie-lamy.com\/boutique\/wp-content\/uploads\/2022\/10\/occ1.jpg","type":"image\/jpeg"}],"twitter_card":"summary_large_image","twitter_misc":{"Dur\u00e9e de lecture estim\u00e9e":"1 minute"},"schema":{"@context":"https:\/\/schema.org","@graph":[{"@type":"WebPage","@id":"https:\/\/www.chocolaterie-lamy.com\/boutique\/produit\/coffret-signature-3-tablettes-venezuela-colombie-ghana\/","url":"https:\/\/www.chocolaterie-lamy.com\/boutique\/produit\/coffret-signature-3-tablettes-venezuela-colombie-ghana\/","name":"Coffret Signature 3 tablettes : Venezuela - Colombie - Ghana - Chocolaterie Lamy","isPartOf":{"@id":"https:\/\/www.chocolaterie-lamy.com\/boutique\/#website"},"datePublished":"2022-10-27T14:36:14+00:00","dateModified":"2022-11-15T13:41:06+00:00","description":"3 tablettes de chocolat noir \u00ab\u00a0bean to bar\u00a0\u00bb s\u00e9lectionn\u00e9es par nos soins","breadcrumb":{"@id":"https:\/\/www.chocolaterie-lamy.com\/boutique\/produit\/coffret-signature-3-tablettes-venezuela-colombie-ghana\/#breadcrumb"},"inLanguage":"fr-FR","potentialAction":[{"@type":"ReadAction","target":["https:\/\/www.chocolaterie-lamy.com\/boutique\/produit\/coffret-signature-3-tablettes-venezuela-colombie-ghana\/"]}]},{"@type":"BreadcrumbList","@id":"https:\/\/www.chocolaterie-lamy.com\/boutique\/produit\/coffret-signature-3-tablettes-venezuela-colombie-ghana\/#breadcrumb","itemListElement":[{"@type":"ListItem","position":1,"name":"Boutique","item":"https:\/\/www.chocolaterie-lamy.com\/boutique\/"},{"@type":"ListItem","position":2,"name":"Coffret Signature 3 tablettes : Venezuela &#8211; Colombie &#8211; Ghana"}]},{"@type":"WebSite","@id":"https:\/\/www.chocolaterie-lamy.com\/boutique\/#website","url":"https:\/\/www.chocolaterie-lamy.com\/boutique\/","name":"Chocolaterie Lamy","description":"Chocolats de fabrication 100% maison","potentialAction":[{"@type":"SearchAction","target":{"@type":"EntryPoint","urlTemplate":"https:\/\/www.chocolaterie-lamy.com\/boutique\/?s={search_term_string}"},"query-input":"required name=search_term_string"}],"inLanguage":"fr-FR"}]}},"post_mailing_queue_ids":[],"_links":{"self":[{"href":"https:\/\/www.chocolaterie-lamy.com\/boutique\/wp-json\/wp\/v2\/product\/2744"}],"collection":[{"href":"https:\/\/www.chocolaterie-lamy.com\/boutique\/wp-json\/wp\/v2\/product"}],"about":[{"href":"https:\/\/www.chocolaterie-lamy.com\/boutique\/wp-json\/wp\/v2\/types\/product"}],"wp:featuredmedia":[{"embeddable":true,"href":"https:\/\/www.chocolaterie-lamy.com\/boutique\/wp-json\/wp\/v2\/media\/2745"}],"wp:attachment":[{"href":"https:\/\/www.chocolaterie-lamy.com\/boutique\/wp-json\/wp\/v2\/media?parent=2744"}],"wp:term":[{"taxonomy":"product_cat","embeddable":true,"href":"https:\/\/www.chocolaterie-lamy.com\/boutique\/wp-json\/wp\/v2\/product_cat?post=2744"},{"taxonomy":"product_tag","embeddable":true,"href":"https:\/\/www.chocolaterie-lamy.com\/boutique\/wp-json\/wp\/v2\/product_tag?post=2744"}],"curies":[{"name":"wp","href":"https:\/\/api.w.org\/{rel}","templated":true}]}}