{"id":239,"date":"2015-08-11T21:52:18","date_gmt":"2015-08-11T19:52:18","guid":{"rendered":"http:\/\/savoy.nordicmade.com\/product\/henry-backpack\/"},"modified":"2023-03-24T11:13:15","modified_gmt":"2023-03-24T10:13:15","slug":"meringues-chocolat-noir-90g","status":"publish","type":"product","link":"https:\/\/www.chocolaterie-lamy.com\/boutique\/produit\/meringues-chocolat-noir-90g\/","title":{"rendered":"Meringues chocolat noir 90g"},"content":{"rendered":"<p><strong>Conservation<\/strong><br \/>\nA conserver dans leur emballage \u00e0 une temp\u00e9rature ambiante, entre 17\u00b0C et 20\u00b0C.<br \/>\n<em>A conserver \u00e0 l\u2019abri de la chaleur et de l\u2019humidit\u00e9.<\/em><\/p>\n<p><strong>Consommation<\/strong><br \/>\nA consommer dans les\u00a04\u00a0semaines \u00e0 la r\u00e9ception du produit.<\/p>\n","protected":false},"excerpt":{"rendered":"<p>Meringues \u00e0 la vanille caram\u00e9lis\u00e9es et enrob\u00e9es de chocolat.<\/p>\n<p><em>Poids : 90g<\/em><\/p>\n","protected":false},"featured_media":2552,"template":"","meta":[],"product_cat":[31],"product_tag":[46,27,68,43],"yoast_head":"<!-- This site is optimized with the Yoast SEO plugin v19.8 - https:\/\/yoast.com\/wordpress\/plugins\/seo\/ -->\n<title>Meringues chocolat noir 90g - Chocolaterie Lamy<\/title>\n<meta name=\"description\" content=\"Meringues \u00e0 la vanille caram\u00e9lis\u00e9es et enrob\u00e9es de chocolat.\" \/>\n<meta name=\"robots\" content=\"index, follow, max-snippet:-1, max-image-preview:large, max-video-preview:-1\" \/>\n<link rel=\"canonical\" href=\"https:\/\/www.chocolaterie-lamy.com\/boutique\/produit\/meringues-chocolat-noir-90g\/\" \/>\n<meta property=\"og:locale\" content=\"fr_FR\" \/>\n<meta property=\"og:type\" content=\"article\" \/>\n<meta property=\"og:title\" content=\"Meringues chocolat noir 90g - Chocolaterie Lamy\" \/>\n<meta property=\"og:description\" content=\"Meringues \u00e0 la vanille caram\u00e9lis\u00e9es et enrob\u00e9es de chocolat.\" \/>\n<meta property=\"og:url\" content=\"https:\/\/www.chocolaterie-lamy.com\/boutique\/produit\/meringues-chocolat-noir-90g\/\" \/>\n<meta property=\"og:site_name\" content=\"Chocolaterie Lamy\" \/>\n<meta property=\"article:modified_time\" content=\"2023-03-24T10:13:15+00:00\" \/>\n<meta property=\"og:image\" content=\"https:\/\/www.chocolaterie-lamy.com\/boutique\/wp-content\/uploads\/2015\/08\/90g_noir.jpg\" \/>\n\t<meta property=\"og:image:width\" content=\"800\" \/>\n\t<meta property=\"og:image:height\" content=\"993\" \/>\n\t<meta property=\"og:image:type\" content=\"image\/jpeg\" \/>\n<meta name=\"twitter:card\" content=\"summary_large_image\" \/>\n<meta name=\"twitter:label1\" content=\"Dur\u00e9e de lecture estim\u00e9e\" \/>\n\t<meta name=\"twitter:data1\" content=\"1 minute\" \/>\n<script type=\"application\/ld+json\" class=\"yoast-schema-graph\">{\"@context\":\"https:\/\/schema.org\",\"@graph\":[{\"@type\":\"WebPage\",\"@id\":\"https:\/\/www.chocolaterie-lamy.com\/boutique\/produit\/meringues-chocolat-noir-90g\/\",\"url\":\"https:\/\/www.chocolaterie-lamy.com\/boutique\/produit\/meringues-chocolat-noir-90g\/\",\"name\":\"Meringues chocolat noir 90g - Chocolaterie Lamy\",\"isPartOf\":{\"@id\":\"https:\/\/www.chocolaterie-lamy.com\/boutique\/#website\"},\"datePublished\":\"2015-08-11T19:52:18+00:00\",\"dateModified\":\"2023-03-24T10:13:15+00:00\",\"description\":\"Meringues \u00e0 la vanille caram\u00e9lis\u00e9es et enrob\u00e9es de chocolat.\",\"breadcrumb\":{\"@id\":\"https:\/\/www.chocolaterie-lamy.com\/boutique\/produit\/meringues-chocolat-noir-90g\/#breadcrumb\"},\"inLanguage\":\"fr-FR\",\"potentialAction\":[{\"@type\":\"ReadAction\",\"target\":[\"https:\/\/www.chocolaterie-lamy.com\/boutique\/produit\/meringues-chocolat-noir-90g\/\"]}]},{\"@type\":\"BreadcrumbList\",\"@id\":\"https:\/\/www.chocolaterie-lamy.com\/boutique\/produit\/meringues-chocolat-noir-90g\/#breadcrumb\",\"itemListElement\":[{\"@type\":\"ListItem\",\"position\":1,\"name\":\"Boutique\",\"item\":\"https:\/\/www.chocolaterie-lamy.com\/boutique\/\"},{\"@type\":\"ListItem\",\"position\":2,\"name\":\"Meringues chocolat noir 90g\"}]},{\"@type\":\"WebSite\",\"@id\":\"https:\/\/www.chocolaterie-lamy.com\/boutique\/#website\",\"url\":\"https:\/\/www.chocolaterie-lamy.com\/boutique\/\",\"name\":\"Chocolaterie Lamy\",\"description\":\"Chocolats de fabrication 100% maison\",\"potentialAction\":[{\"@type\":\"SearchAction\",\"target\":{\"@type\":\"EntryPoint\",\"urlTemplate\":\"https:\/\/www.chocolaterie-lamy.com\/boutique\/?s={search_term_string}\"},\"query-input\":\"required name=search_term_string\"}],\"inLanguage\":\"fr-FR\"}]}<\/script>\n<!-- \/ Yoast SEO plugin. -->","yoast_head_json":{"title":"Meringues chocolat noir 90g - Chocolaterie Lamy","description":"Meringues \u00e0 la vanille caram\u00e9lis\u00e9es et enrob\u00e9es de chocolat.","robots":{"index":"index","follow":"follow","max-snippet":"max-snippet:-1","max-image-preview":"max-image-preview:large","max-video-preview":"max-video-preview:-1"},"canonical":"https:\/\/www.chocolaterie-lamy.com\/boutique\/produit\/meringues-chocolat-noir-90g\/","og_locale":"fr_FR","og_type":"article","og_title":"Meringues chocolat noir 90g - Chocolaterie Lamy","og_description":"Meringues \u00e0 la vanille caram\u00e9lis\u00e9es et enrob\u00e9es de chocolat.","og_url":"https:\/\/www.chocolaterie-lamy.com\/boutique\/produit\/meringues-chocolat-noir-90g\/","og_site_name":"Chocolaterie Lamy","article_modified_time":"2023-03-24T10:13:15+00:00","og_image":[{"width":800,"height":993,"url":"https:\/\/www.chocolaterie-lamy.com\/boutique\/wp-content\/uploads\/2015\/08\/90g_noir.jpg","type":"image\/jpeg"}],"twitter_card":"summary_large_image","twitter_misc":{"Dur\u00e9e de lecture estim\u00e9e":"1 minute"},"schema":{"@context":"https:\/\/schema.org","@graph":[{"@type":"WebPage","@id":"https:\/\/www.chocolaterie-lamy.com\/boutique\/produit\/meringues-chocolat-noir-90g\/","url":"https:\/\/www.chocolaterie-lamy.com\/boutique\/produit\/meringues-chocolat-noir-90g\/","name":"Meringues chocolat noir 90g - Chocolaterie Lamy","isPartOf":{"@id":"https:\/\/www.chocolaterie-lamy.com\/boutique\/#website"},"datePublished":"2015-08-11T19:52:18+00:00","dateModified":"2023-03-24T10:13:15+00:00","description":"Meringues \u00e0 la vanille caram\u00e9lis\u00e9es et enrob\u00e9es de chocolat.","breadcrumb":{"@id":"https:\/\/www.chocolaterie-lamy.com\/boutique\/produit\/meringues-chocolat-noir-90g\/#breadcrumb"},"inLanguage":"fr-FR","potentialAction":[{"@type":"ReadAction","target":["https:\/\/www.chocolaterie-lamy.com\/boutique\/produit\/meringues-chocolat-noir-90g\/"]}]},{"@type":"BreadcrumbList","@id":"https:\/\/www.chocolaterie-lamy.com\/boutique\/produit\/meringues-chocolat-noir-90g\/#breadcrumb","itemListElement":[{"@type":"ListItem","position":1,"name":"Boutique","item":"https:\/\/www.chocolaterie-lamy.com\/boutique\/"},{"@type":"ListItem","position":2,"name":"Meringues chocolat noir 90g"}]},{"@type":"WebSite","@id":"https:\/\/www.chocolaterie-lamy.com\/boutique\/#website","url":"https:\/\/www.chocolaterie-lamy.com\/boutique\/","name":"Chocolaterie Lamy","description":"Chocolats de fabrication 100% maison","potentialAction":[{"@type":"SearchAction","target":{"@type":"EntryPoint","urlTemplate":"https:\/\/www.chocolaterie-lamy.com\/boutique\/?s={search_term_string}"},"query-input":"required name=search_term_string"}],"inLanguage":"fr-FR"}]}},"post_mailing_queue_ids":[],"_links":{"self":[{"href":"https:\/\/www.chocolaterie-lamy.com\/boutique\/wp-json\/wp\/v2\/product\/239"}],"collection":[{"href":"https:\/\/www.chocolaterie-lamy.com\/boutique\/wp-json\/wp\/v2\/product"}],"about":[{"href":"https:\/\/www.chocolaterie-lamy.com\/boutique\/wp-json\/wp\/v2\/types\/product"}],"wp:featuredmedia":[{"embeddable":true,"href":"https:\/\/www.chocolaterie-lamy.com\/boutique\/wp-json\/wp\/v2\/media\/2552"}],"wp:attachment":[{"href":"https:\/\/www.chocolaterie-lamy.com\/boutique\/wp-json\/wp\/v2\/media?parent=239"}],"wp:term":[{"taxonomy":"product_cat","embeddable":true,"href":"https:\/\/www.chocolaterie-lamy.com\/boutique\/wp-json\/wp\/v2\/product_cat?post=239"},{"taxonomy":"product_tag","embeddable":true,"href":"https:\/\/www.chocolaterie-lamy.com\/boutique\/wp-json\/wp\/v2\/product_tag?post=239"}],"curies":[{"name":"wp","href":"https:\/\/api.w.org\/{rel}","templated":true}]}}