{"id":2439,"date":"2022-08-25T17:29:42","date_gmt":"2022-08-25T15:29:42","guid":{"rendered":"https:\/\/www.chocolaterie-lamy.com\/boutique\/?page_id=2439"},"modified":"2022-11-08T17:41:13","modified_gmt":"2022-11-08T16:41:13","slug":"livraison","status":"publish","type":"page","link":"https:\/\/www.chocolaterie-lamy.com\/boutique\/livraison\/","title":{"rendered":"Livraison"},"content":{"rendered":"\t\t<div data-elementor-type=\"wp-page\" data-elementor-id=\"2439\" class=\"elementor elementor-2439\">\n\t\t\t\t\t\t\t\t\t<section class=\"elementor-section elementor-top-section elementor-element elementor-element-c787fd7 elementor-section-boxed elementor-section-height-default elementor-section-height-default\" data-id=\"c787fd7\" data-element_type=\"section\">\n\t\t\t\t\t\t<div class=\"elementor-container elementor-column-gap-default\">\n\t\t\t\t\t<div class=\"elementor-column elementor-col-100 elementor-top-column elementor-element elementor-element-98c1ada\" data-id=\"98c1ada\" data-element_type=\"column\">\n\t\t\t<div class=\"elementor-widget-wrap elementor-element-populated\">\n\t\t\t\t\t\t\t\t<div class=\"elementor-element elementor-element-e94fe94 elementor-widget elementor-widget-heading\" data-id=\"e94fe94\" data-element_type=\"widget\" data-widget_type=\"heading.default\">\n\t\t\t\t<div class=\"elementor-widget-container\">\n\t\t\t<style>\/*! elementor - v3.7.8 - 02-10-2022 *\/\n.elementor-heading-title{padding:0;margin:0;line-height:1}.elementor-widget-heading .elementor-heading-title[class*=elementor-size-]>a{color:inherit;font-size:inherit;line-height:inherit}.elementor-widget-heading .elementor-heading-title.elementor-size-small{font-size:15px}.elementor-widget-heading .elementor-heading-title.elementor-size-medium{font-size:19px}.elementor-widget-heading .elementor-heading-title.elementor-size-large{font-size:29px}.elementor-widget-heading .elementor-heading-title.elementor-size-xl{font-size:39px}.elementor-widget-heading .elementor-heading-title.elementor-size-xxl{font-size:59px}<\/style><h1 class=\"elementor-heading-title elementor-size-default\">Livraison<\/h1>\t\t<\/div>\n\t\t\t\t<\/div>\n\t\t\t\t\t<\/div>\n\t\t<\/div>\n\t\t\t\t\t\t\t<\/div>\n\t\t<\/section>\n\t\t\t\t<section class=\"elementor-section elementor-top-section elementor-element elementor-element-b2c7d41 elementor-section-boxed elementor-section-height-default elementor-section-height-default\" data-id=\"b2c7d41\" data-element_type=\"section\">\n\t\t\t\t\t\t<div class=\"elementor-container elementor-column-gap-default\">\n\t\t\t\t\t<div class=\"elementor-column elementor-col-100 elementor-top-column elementor-element elementor-element-5aa342d\" data-id=\"5aa342d\" data-element_type=\"column\">\n\t\t\t<div class=\"elementor-widget-wrap elementor-element-populated\">\n\t\t\t\t\t\t\t\t<div class=\"elementor-element elementor-element-27fb8c8 elementor-widget elementor-widget-html\" data-id=\"27fb8c8\" data-element_type=\"widget\" data-widget_type=\"html.default\">\n\t\t\t\t<div class=\"elementor-widget-container\">\n\t\t\t<h2>I. Zone de livraison<\/h2>\r\n<p>\r\nFrance M\u00e9tropolitaine & la Corse\r\n<\/p><p><\/p><br>\r\n<h2>II. Tarifs de livraison<\/h2>\r\n<p>\r\nLe montant des frais de livraison, incluant les frais d\u2019emballage et de port sont \u00e0 la charge du client. Il est factur\u00e9 en compl\u00e9ment du prix de vente des produits. Le montant des frais de livraison est d\u00e9fini en fonction des articles command\u00e9s, du transporteur, des poids et volume du ou des articles \u00e0 livrer.\r\n<\/p><p><\/p><br>\r\n<h2>III. D\u00e9lais<\/h2>\r\n<p>\r\nLa Chocolaterie Lamy s\u2019engage \u00e0 effectuer ses envois dans un d\u00e9lais de 48h apr\u00e8s validation de la commande sur son site internet. Les d\u00e9lais d'acheminement sont les suivants : Colissimo livraison \u00e0 domicile en 48h.\r\n<\/p>\r\n<p>\r\nLa Chocolaterie Lamy ne pourra en aucun cas \u00eatre tenue pour responsable des d\u00e9t\u00e9riorations pouvant survenir aux produits si le colis a \u00e9t\u00e9 ouvert pendant son acheminement, ni en cas d'absence du destinataire lors du d\u00e9p\u00f4t du colis.\r\n<\/p>\r\n<p>\r\nLe d\u00e9lai de livraison ne saurait \u00eatre garanti pendant les p\u00e9riodes de f\u00eates mais La Chocolaterie Lamy s\u2019engage \u00e0 effectuer ses envois dans un d\u00e9lais de 72h apr\u00e8s validation de la commande.\r\n<\/p><p><\/p><br>\r\n<h2>IV. Remplacement ou remboursement<\/h2>\r\n<p>\r\nCompte tenu de la nature des produits, aucun retour ou remboursement ou remplacement ne sera accept\u00e9.\r\n<\/p><p><\/p><br>\r\n<h2>V. Responsabilit\u00e9<\/h2>\r\n<p>\r\nLa Chocolaterie Lamy ne peut \u00eatre tenue pour responsable des dommages de toute nature qui pourraient r\u00e9sulter d'une mauvaise utilisation des articles livr\u00e9s au client.\r\n<\/p><p><\/p><br>\r\n<h2>VI. Loi applicable<\/h2>\r\n<p>\r\nLes pr\u00e9sentes Conditions G\u00e9n\u00e9rales de Vente sont soumises \u00e0 la Loi Fran\u00e7aise.\r\n<\/p><p><\/p><br>\r\n<h2>VII. Litiges<\/h2>\r\n<p>\r\nLa Chocolaterie Lamy privil\u00e9giera toujours une solution amiable avant toute action en justice. En cas de litige, seuls les tribunaux de Brive-la-Gaillarde seront comp\u00e9tents.\r\n<\/p><p><\/p><br>\r\n<h2>VIII. Donn\u00e9es personnelles<\/h2>\r\n<p>\r\nLes informations nominatives collect\u00e9es aupr\u00e8s du client sont n\u00e9cessaires au traitement de la commande, \u00e0 l'acheminement de cette commande et \u00e0 l'\u00e9tablissement de la facture qui lui correspond. Le d\u00e9faut de renseignement de ces informations entra\u00eene un refus de la commande.\r\n<\/p>\r\n<p>\r\nSelon l'article 34 de la loi du 6 janvier 1978, le client dispose d'un droit d'acc\u00e8s, de modification, de rectification et de suppression des donn\u00e9es qui le concernent. Ce droit peut \u00eatre exerc\u00e9 en contactant la Chocolaterie Lamy par e-mail via la rubrique \u00ab Contact \u00bb du site www.chocolaterie-lamy.com. Le client peut aussi modifier ses coordonn\u00e9es directement dans son compte personnel par la rubrique \u00ab Mon Compte \u00bb.\r\n<\/p><br><br>\t\t<\/div>\n\t\t\t\t<\/div>\n\t\t\t\t\t<\/div>\n\t\t<\/div>\n\t\t\t\t\t\t\t<\/div>\n\t\t<\/section>\n\t\t\t\t\t\t\t<\/div>\n\t\t","protected":false},"excerpt":{"rendered":"<p>Livraison I. Zone de livraison France M\u00e9tropolitaine &#038; la Corse II. Tarifs de livraison Le montant des frais de livraison, incluant les frais d\u2019emballage et de port sont \u00e0 la charge du client. Il est factur\u00e9 en compl\u00e9ment du prix de vente des produits. Le montant des frais de livraison est d\u00e9fini en fonction des &hellip;<\/p>\n","protected":false},"author":1,"featured_media":0,"parent":0,"menu_order":0,"comment_status":"closed","ping_status":"closed","template":"","meta":[],"yoast_head":"<!-- This site is optimized with the Yoast SEO plugin v19.8 - https:\/\/yoast.com\/wordpress\/plugins\/seo\/ -->\n<title>Livraison - Chocolaterie Lamy<\/title>\n<meta name=\"description\" content=\"D\u00e9couvrez l\u2019univers de la Chocolaterie en sillonnant avec curiosit\u00e9 son magasin, son atelier de fabrication et ses produits de fabrication 100% maison\" \/>\n<meta name=\"robots\" content=\"index, follow, max-snippet:-1, max-image-preview:large, max-video-preview:-1\" \/>\n<link rel=\"canonical\" href=\"https:\/\/www.chocolaterie-lamy.com\/boutique\/livraison\/\" \/>\n<meta property=\"og:locale\" content=\"fr_FR\" \/>\n<meta property=\"og:type\" content=\"article\" \/>\n<meta property=\"og:title\" content=\"Livraison - Chocolaterie Lamy\" \/>\n<meta property=\"og:description\" content=\"D\u00e9couvrez l\u2019univers de la Chocolaterie en sillonnant avec curiosit\u00e9 son magasin, son atelier de fabrication et ses produits de fabrication 100% maison\" \/>\n<meta property=\"og:url\" content=\"https:\/\/www.chocolaterie-lamy.com\/boutique\/livraison\/\" \/>\n<meta property=\"og:site_name\" content=\"Chocolaterie Lamy\" \/>\n<meta property=\"article:modified_time\" content=\"2022-11-08T16:41:13+00:00\" \/>\n<meta name=\"twitter:card\" content=\"summary_large_image\" \/>\n<meta name=\"twitter:label1\" content=\"Dur\u00e9e de lecture estim\u00e9e\" \/>\n\t<meta name=\"twitter:data1\" content=\"2 minutes\" \/>\n<script type=\"application\/ld+json\" class=\"yoast-schema-graph\">{\"@context\":\"https:\/\/schema.org\",\"@graph\":[{\"@type\":\"WebPage\",\"@id\":\"https:\/\/www.chocolaterie-lamy.com\/boutique\/livraison\/\",\"url\":\"https:\/\/www.chocolaterie-lamy.com\/boutique\/livraison\/\",\"name\":\"Livraison - Chocolaterie Lamy\",\"isPartOf\":{\"@id\":\"https:\/\/www.chocolaterie-lamy.com\/boutique\/#website\"},\"datePublished\":\"2022-08-25T15:29:42+00:00\",\"dateModified\":\"2022-11-08T16:41:13+00:00\",\"description\":\"D\u00e9couvrez l\u2019univers de la Chocolaterie en sillonnant avec curiosit\u00e9 son magasin, son atelier de fabrication et ses produits de fabrication 100% maison\",\"inLanguage\":\"fr-FR\",\"potentialAction\":[{\"@type\":\"ReadAction\",\"target\":[\"https:\/\/www.chocolaterie-lamy.com\/boutique\/livraison\/\"]}]},{\"@type\":\"WebSite\",\"@id\":\"https:\/\/www.chocolaterie-lamy.com\/boutique\/#website\",\"url\":\"https:\/\/www.chocolaterie-lamy.com\/boutique\/\",\"name\":\"Chocolaterie Lamy\",\"description\":\"Chocolats de fabrication 100% maison\",\"potentialAction\":[{\"@type\":\"SearchAction\",\"target\":{\"@type\":\"EntryPoint\",\"urlTemplate\":\"https:\/\/www.chocolaterie-lamy.com\/boutique\/?s={search_term_string}\"},\"query-input\":\"required name=search_term_string\"}],\"inLanguage\":\"fr-FR\"}]}<\/script>\n<!-- \/ Yoast SEO plugin. -->","yoast_head_json":{"title":"Livraison - Chocolaterie Lamy","description":"D\u00e9couvrez l\u2019univers de la Chocolaterie en sillonnant avec curiosit\u00e9 son magasin, son atelier de fabrication et ses produits de fabrication 100% maison","robots":{"index":"index","follow":"follow","max-snippet":"max-snippet:-1","max-image-preview":"max-image-preview:large","max-video-preview":"max-video-preview:-1"},"canonical":"https:\/\/www.chocolaterie-lamy.com\/boutique\/livraison\/","og_locale":"fr_FR","og_type":"article","og_title":"Livraison - Chocolaterie Lamy","og_description":"D\u00e9couvrez l\u2019univers de la Chocolaterie en sillonnant avec curiosit\u00e9 son magasin, son atelier de fabrication et ses produits de fabrication 100% maison","og_url":"https:\/\/www.chocolaterie-lamy.com\/boutique\/livraison\/","og_site_name":"Chocolaterie Lamy","article_modified_time":"2022-11-08T16:41:13+00:00","twitter_card":"summary_large_image","twitter_misc":{"Dur\u00e9e de lecture estim\u00e9e":"2 minutes"},"schema":{"@context":"https:\/\/schema.org","@graph":[{"@type":"WebPage","@id":"https:\/\/www.chocolaterie-lamy.com\/boutique\/livraison\/","url":"https:\/\/www.chocolaterie-lamy.com\/boutique\/livraison\/","name":"Livraison - Chocolaterie Lamy","isPartOf":{"@id":"https:\/\/www.chocolaterie-lamy.com\/boutique\/#website"},"datePublished":"2022-08-25T15:29:42+00:00","dateModified":"2022-11-08T16:41:13+00:00","description":"D\u00e9couvrez l\u2019univers de la Chocolaterie en sillonnant avec curiosit\u00e9 son magasin, son atelier de fabrication et ses produits de fabrication 100% maison","inLanguage":"fr-FR","potentialAction":[{"@type":"ReadAction","target":["https:\/\/www.chocolaterie-lamy.com\/boutique\/livraison\/"]}]},{"@type":"WebSite","@id":"https:\/\/www.chocolaterie-lamy.com\/boutique\/#website","url":"https:\/\/www.chocolaterie-lamy.com\/boutique\/","name":"Chocolaterie Lamy","description":"Chocolats de fabrication 100% maison","potentialAction":[{"@type":"SearchAction","target":{"@type":"EntryPoint","urlTemplate":"https:\/\/www.chocolaterie-lamy.com\/boutique\/?s={search_term_string}"},"query-input":"required name=search_term_string"}],"inLanguage":"fr-FR"}]}},"post_mailing_queue_ids":[],"_links":{"self":[{"href":"https:\/\/www.chocolaterie-lamy.com\/boutique\/wp-json\/wp\/v2\/pages\/2439"}],"collection":[{"href":"https:\/\/www.chocolaterie-lamy.com\/boutique\/wp-json\/wp\/v2\/pages"}],"about":[{"href":"https:\/\/www.chocolaterie-lamy.com\/boutique\/wp-json\/wp\/v2\/types\/page"}],"author":[{"embeddable":true,"href":"https:\/\/www.chocolaterie-lamy.com\/boutique\/wp-json\/wp\/v2\/users\/1"}],"replies":[{"embeddable":true,"href":"https:\/\/www.chocolaterie-lamy.com\/boutique\/wp-json\/wp\/v2\/comments?post=2439"}],"version-history":[{"count":19,"href":"https:\/\/www.chocolaterie-lamy.com\/boutique\/wp-json\/wp\/v2\/pages\/2439\/revisions"}],"predecessor-version":[{"id":2810,"href":"https:\/\/www.chocolaterie-lamy.com\/boutique\/wp-json\/wp\/v2\/pages\/2439\/revisions\/2810"}],"wp:attachment":[{"href":"https:\/\/www.chocolaterie-lamy.com\/boutique\/wp-json\/wp\/v2\/media?parent=2439"}],"curies":[{"name":"wp","href":"https:\/\/api.w.org\/{rel}","templated":true}]}}