{"id":2434,"date":"2022-08-25T17:26:55","date_gmt":"2022-08-25T15:26:55","guid":{"rendered":"https:\/\/www.chocolaterie-lamy.com\/boutique\/?page_id=2434"},"modified":"2022-11-08T17:37:28","modified_gmt":"2022-11-08T16:37:28","slug":"cgv","status":"publish","type":"page","link":"https:\/\/www.chocolaterie-lamy.com\/boutique\/cgv\/","title":{"rendered":"CGV"},"content":{"rendered":"\t\t<div data-elementor-type=\"wp-page\" data-elementor-id=\"2434\" class=\"elementor elementor-2434\">\n\t\t\t\t\t\t\t\t\t<section class=\"elementor-section elementor-top-section elementor-element elementor-element-9594bbf elementor-section-boxed elementor-section-height-default elementor-section-height-default\" data-id=\"9594bbf\" data-element_type=\"section\">\n\t\t\t\t\t\t<div class=\"elementor-container elementor-column-gap-default\">\n\t\t\t\t\t<div class=\"elementor-column elementor-col-100 elementor-top-column elementor-element elementor-element-e11e302\" data-id=\"e11e302\" data-element_type=\"column\">\n\t\t\t<div class=\"elementor-widget-wrap elementor-element-populated\">\n\t\t\t\t\t\t\t\t<div class=\"elementor-element elementor-element-5a2925e elementor-widget elementor-widget-heading\" data-id=\"5a2925e\" data-element_type=\"widget\" data-widget_type=\"heading.default\">\n\t\t\t\t<div class=\"elementor-widget-container\">\n\t\t\t<style>\/*! elementor - v3.7.8 - 02-10-2022 *\/\n.elementor-heading-title{padding:0;margin:0;line-height:1}.elementor-widget-heading .elementor-heading-title[class*=elementor-size-]>a{color:inherit;font-size:inherit;line-height:inherit}.elementor-widget-heading .elementor-heading-title.elementor-size-small{font-size:15px}.elementor-widget-heading .elementor-heading-title.elementor-size-medium{font-size:19px}.elementor-widget-heading .elementor-heading-title.elementor-size-large{font-size:29px}.elementor-widget-heading .elementor-heading-title.elementor-size-xl{font-size:39px}.elementor-widget-heading .elementor-heading-title.elementor-size-xxl{font-size:59px}<\/style><h1 class=\"elementor-heading-title elementor-size-default\">CGV<\/h1>\t\t<\/div>\n\t\t\t\t<\/div>\n\t\t\t\t\t<\/div>\n\t\t<\/div>\n\t\t\t\t\t\t\t<\/div>\n\t\t<\/section>\n\t\t\t\t<section class=\"elementor-section elementor-top-section elementor-element elementor-element-dd76cd6 elementor-section-boxed elementor-section-height-default elementor-section-height-default\" data-id=\"dd76cd6\" data-element_type=\"section\">\n\t\t\t\t\t\t<div class=\"elementor-container elementor-column-gap-default\">\n\t\t\t\t\t<div class=\"elementor-column elementor-col-100 elementor-top-column elementor-element elementor-element-69324dd\" data-id=\"69324dd\" data-element_type=\"column\">\n\t\t\t<div class=\"elementor-widget-wrap elementor-element-populated\">\n\t\t\t\t\t\t\t\t<div class=\"elementor-element elementor-element-742dd33 elementor-widget elementor-widget-html\" data-id=\"742dd33\" data-element_type=\"widget\" data-widget_type=\"html.default\">\n\t\t\t\t<div class=\"elementor-widget-container\">\n\t\t\t\r\n   <h2>I. Application et opposabilit\u00e9 des conditions g\u00e9n\u00e9rales de vente<\/h2>\r\n   <p>1.1. Les pr\u00e9sentes conditions g\u00e9n\u00e9rales de vente sont port\u00e9es \u00e0 la connaissance de chaque client pour lui permettre de passer commande.<\/p>\r\n   <p>1.2. En cons\u00e9quence, le fait de passer commande implique l\u2019acceptation enti\u00e8re et sans r\u00e9serve du client \u00e0 ces conditions g\u00e9n\u00e9rales de vente.<\/p>\r\n   <p>1.3. Aucune condition particuli\u00e8re, ni autres conditions g\u00e9n\u00e9rales \u00e9manant du client ne peuvent, sans accord express de LA CHOCOLATERIE, pr\u00e9valoir sur les pr\u00e9sentes conditions.<\/p>\r\n   <p>1.4. Le fait que LA CHOCOLATERIE ne se pr\u00e9vale pas \u00e0 un moment donn\u00e9 de l\u2019une quelconque des pr\u00e9sentes conditions g\u00e9n\u00e9rales de vente, ne peut \u00eatre interpr\u00e9t\u00e9 comme valant renonciation \u00e0 se pr\u00e9valoir ult\u00e9rieurement de l\u2019une quelconque desdites conditions.<\/p>\r\n   <br><h2>II. Prise de commande et confirmation<\/h2>\r\n   <p>2.1 Il appartient au client de renseigner les champs personnels (noms, pr\u00e9noms, adresse mail, adresse, mode de paiement,\u2026) pour la cr\u00e9ation de son compte. Il lui appartient \u00e9galement de v\u00e9rifier les informations saisies et l\u2019exactitude des donn\u00e9es communiqu\u00e9es.<br>LA CHOCOLATERIE ne pourra en aucun cas \u00eatre tenue pour responsable des erreurs de quantit\u00e9s, type de produits et livraison dans la mesure o\u00f9 les informations saisies se r\u00e9v\u00e8leront inexactes.<\/p>\r\n   <p>2.2. Chaque commande doit \u00eatre valid\u00e9e par LA CHOCOLATERIE, pour valoir vente.<br>LA CHOCOLATERIE se r\u00e9serve le droit de rejeter toute commande pour cause d\u2019informations client incompl\u00e8tes, de stock insuffisant, impossibilit\u00e9 de livrer. Tout rejet de commande sera signal\u00e9 par mail dans les deux jours ouvr\u00e9s.<\/p>\r\n   <p><\/p>\r\n   <br><h2>III. droit de r\u00e9tractation \u2013 vente \u00e0 distance<\/h2>\r\n   <p>Conform\u00e9ment aux articles L.121-21 \u00e0 L.121-21-8 du Code de la Consommation, s\u2019agissant de denr\u00e9es p\u00e9rissables, aucun droit de r\u00e9tractation ne peut \u00eatre exerc\u00e9.<\/p>\r\n   <p><\/p>\r\n   <br><h2>IV. Prix<\/h2>\r\n   <p>4.1. Les prix indiqu\u00e9s sur notre site s\u2019entendent en Euros TTC.<br>La TVA fran\u00e7aise est de 5,5% pour les produits \u00e0 base de chocolat noir.<br>La TVA fran\u00e7aise est de 20% pour les produits \u00e0 base de chocolat au lait.<\/p>\r\n   <p>4.2. Les frais de livraison sont en sus. Les tarifs de livraison d\u00e9pendent du lieu de destination, du poids et du volume du colis. Ceux-ci sont consultables en annexe des pr\u00e9sentes conditions.<br>Le transfert de propri\u00e9t\u00e9 des produits au profit du client ne prend effet qu\u2019apr\u00e8s complet paiement du prix par ce dernier.<\/p>\r\n   <p><\/p>\r\n   <br><h2>V. Paiement \u00e0 la commande<\/h2>\r\n   <p>5.1. Le paiement s\u2019effectue comptant en ligne par carte bancaire.<\/p>\r\n   <p>5.2. Pour \u00eatre enregistr\u00e9e et livr\u00e9e, la commande doit \u00eatre r\u00e9gl\u00e9e dans son int\u00e9gralit\u00e9.<\/p>\r\n   <p>5.3. La facture correspondant \u00e0 la commande pass\u00e9e est disponible dans la rubrique \"Mon Compte\".<\/p>\r\n   <p><\/p>\r\n   <br><h2>VI. Indisponibilit\u00e9 des produits<\/h2>\r\n   <p>Nos produits sont de fabrication 100% maison. Ils sont fabriqu\u00e9s au fur et \u00e0 mesure et sont stock\u00e9s durant une courte dur\u00e9e. Aucun de nos produits n\u2019est congel\u00e9. La production de certains produits peut \u00eatre abandonn\u00e9e momentan\u00e9ment ou d\u00e9finitivement pour des raisons de disponibilit\u00e9 ou de qualit\u00e9 insuffisante de mati\u00e8re premi\u00e8res. Notre degr\u00e9 d\u2019exigence peut nous amener \u00e0 renoncer \u00e0 une vente si cet objectif primordial n\u2019est pas atteint. Nos offres de produits sont propos\u00e9es selon nos disponibilit\u00e9s li\u00e9es essentiellement aux mati\u00e8res premi\u00e8res et \u00e0 l\u2019absence de stock tampon. Pour les emballages non stock\u00e9s dans nos ateliers, nos offres sont valables sous r\u00e9serve de disponibilit\u00e9 chez nos fournisseurs. En cas d\u2019indisponibilit\u00e9 de produits et d\u2019emballage, celle-ci vous en serez inform\u00e9e dans les deux jours ouvr\u00e9s suivant la commande.<\/p>\r\n   <p><\/p>\r\n   <br><h2>VII. Livraison des produits<\/h2>\r\n   <p>7.1. Le client est responsable des mentions relatives au nom et \u00e0 l'adresse du destinataire qui doivent \u00eatre pr\u00e9cises, exactes et compl\u00e8tes pour permettre une livraison dans des conditions normales.<br>La commande portant adresse de livraison \u00e0 une boite postale ne pourra \u00eatre prise en compte<br>LA CHOCOLATERIE ne pourra en aucun cas \u00eatre tenue pour responsable d\u2019un retour de livraison d\u00fb \u00e0 un d\u00e9faut d\u2019adresse de livraison ou d\u2019un manque de pr\u00e9cision de celle-ci.<\/p>\r\n   <p>7.2 Les d\u00e9lais de livraison indiqu\u00e9s, hors force majeur, sont des d\u00e9lais moyens et correspondent aux d\u00e9lais de traitement et \u00e0 la livraison par les services de France Express pour les produits \u00e0 destination de la France m\u00e9tropolitaine et Monaco.<br>En cas d\u2019articles livrables \u00e0 dates diff\u00e9rentes, compte tenu de leur disponibilit\u00e9, le d\u00e9lai de livraison est bas\u00e9 sur le d\u00e9lai le plus long. LA CHOCOLATERIE se r\u00e9serve toutefois la possibilit\u00e9 de fractionner les livraisons, sans surco\u00fbt.<br>La participation aux frais de traitement et d\u2019exp\u00e9dition n\u2019est factur\u00e9e que pour un seul envoi et pour une adresse de destination.<br>A tous moment vous pouvez suivre l\u2019\u00e9volution de vos commandes dans la rubrique \u00ab&nbsp;Mon compte&nbsp;\u00bb ainsi que les diff\u00e9rentes \u00e9tapes de livraison de vos commandes en consultant le site <a href=\"http:\/\/www.france-express.com\" target=\"_blank\">www.france-express.com<\/a>.<\/p>\r\n   <p>7.3 LA CHOCOLATERIE assure la marchandise jusqu\u2019au lieu de livraison. Il appartient au destinataire de v\u00e9rifier le colis en pr\u00e9sence du livreur. Toute anomalie lors de la livraison doit \u00eatre obligatoirement d\u00e9crite sur le bon de livraison, sauf \u00e0 perdre tous recours contre le transporteur. <br>Si au jour de la livraison, le destinataire est absent, le transporteur d\u00e9posera un avis de passage. <br>Il appartient au destinataire d\u2019en prendre possession aupr\u00e8s du transporteur dans les meilleurs d\u00e9lais, LA CHOCOLATERIE ne pouvant en aucun cas \u00eatre tenue pour responsable d\u2019une d\u00e9t\u00e9rioration des produits du fait d\u2019un retrait tardif aupr\u00e8s du transporteur.<\/p>\r\n   <p><\/p>\r\n   <br><h2>VIII. R\u00e9clamations<\/h2>\r\n   <p>8.1. A la r\u00e9ception des produits, le client doit s\u2019assurer de la conformit\u00e9 de la livraison avec sa commande. Les dommages \u00e9ventuels doivent faire l\u2019objet de r\u00e9serves pr\u00e9cises, dat\u00e9es et sign\u00e9es, et doivent imp\u00e9rativement \u00eatre mentionn\u00e9es sur le bordereau de livraison.<\/p>\r\n   <p>8.2. Toute r\u00e9clamation doit \u00eatre adress\u00e9e dans les deux jours ouvr\u00e9s suivant la r\u00e9ception de la commande, par mail, fax ou lettre recommand\u00e9e avec accus\u00e9 de r\u00e9ception.<\/p>\r\n   <p>8.3. Pour \u00eatre prise en compte, cette r\u00e9clamation doit \u00eatre accompagn\u00e9e de tous les justificatifs sur lesquelles s\u2019appuient les dol\u00e9ances. <br>LA CHOCOLATERIE s\u2019engage \u00e0 prendre position sous 8 jours suivant la r\u00e9ception de cette r\u00e9clamation.<\/p>\r\n   <p>8.4 Tout retour de produit doit faire l\u2019objet d\u2019un accord formel entre LA CHOCOLATERIE et le client et \u00eatre retourn\u00e9 dans les 2 jours ouvr\u00e9s suivant l\u2019accord. Pass\u00e9 ce d\u00e9lai, aucun retour ne pourra \u00eatre pris en compte. <br>Les d\u00e9fauts de mati\u00e8res, m\u00eames cach\u00e9s, ainsi que les erreurs de dimensions, de qualit\u00e9, de quantit\u00e9s, de poids n'obligent la soci\u00e9t\u00e9 qu'au remplacement pur et simple des produits incrimin\u00e9s.<br>Ainsi, tout retour accept\u00e9, permettra au client d\u2019obtenir le remplacement gratuit ou la restitution d\u2019un avoir \u00e0 son profit, \u00e0 l\u2019exclusion de toute autre indemnit\u00e9 ou de dommages et int\u00e9r\u00eats.<\/p>\r\n   <p><\/p>\r\n   <br><h2>IX. GARANTIES<\/h2>\r\n   <p>La date limite d\u2019utilisation optimale de nos chocolats est comprise, suivant les vari\u00e9t\u00e9s de chocolat entre deux et huit semaines. <br>Elle est indiqu\u00e9e \u00e0 l\u2019occasion de chaque envoi.<br>Nous vous invitons \u00e0 choisir la date de livraison la plus proche de votre date de consommation et dans tous les cas, \u00e0 conserver les produits dans un endroit frais (moins de 18\u00b0), \u00e0 l\u2019abri de la lumi\u00e8re.<\/p>\r\n   <p><\/p>\r\n   <br><h2>X. INFORMATIONS NOMINATIVES<\/h2>\r\n   <p>LA CHOCOLATERIE, conform\u00e9ment \u00e0 la loi, a d\u00e9clar\u00e9 son fichier Internet \u00e0 la CNIL. LA CHOCOLATERIE, s\u2019engage \u00e0 ne pas divulguer \u00e0 des tiers les informations que vous lui communiquez.<\/p>\r\n   <p>Celles-ci sont confidentielles. Elles ne seront utilis\u00e9es par ses services internes que pour le traitement de votre commande, pour renforcer et personnaliser la communication de l\u2019offre culturelle et\/ou des produits r\u00e9serv\u00e9es aux clients de LA CHOCOLATERIE, notamment par une \u00e9ventuelle lettre d\u2019information de LA CHOCOLATERIE \u00e0 laquelle vous vous serez abonn\u00e9 ainsi que dans le cadre de la personnalisation du site en fonction de vos centres d\u2019int\u00e9r\u00eats. Toutefois, lorsque vous vous rendez sur le site de LA CHOCOLATERIE et identifi\u00e9s comme tels, il est possible que vous soyez rep\u00e9r\u00e9 par des \u00ab&nbsp;mouchards&nbsp;\u00bb (spyware) de ces sites, la faute ne pouvant en incomber \u00e0 LA CHOCOLATERIE.<\/p>\r\n   <p>Conform\u00e9ment \u00e0 la loi informatique et libert\u00e9s du 6 janvier 1978, vous disposez d\u2019un droit d\u2019acc\u00e8s, de rectification, et d\u2019opposition aux donn\u00e9es personnelles vous concernant. Pour cela, il vous suffit d\u2019aller dans l\u2019espace \u00ab&nbsp;gestion des comptes&nbsp;\u00bb muni de votre identifiant client et de votre mot de passe. L\u2019acc\u00e8s \u00e0 votre compte est s\u00e9curis\u00e9 par l\u2019utilisation de cookies.<\/p>\r\n   <p>Si votre navigateur n\u2019accepte pas les cookies ou si vous les avez d\u00e9sactiv\u00e9s, l\u2019utilisation de ce service vous sera impossible.<\/p>\r\n   <p>Le site www.chocolaterie-lamy.com est un service de LA CHOCOLATERIE, si\u00e8ge social&nbsp;: 5, rue de l\u2019H\u00f4tel de Ville, 19100 BRIVE LA GAILLARDE (FRANCE).<\/p><br><br>\r\n\t\t<\/div>\n\t\t\t\t<\/div>\n\t\t\t\t\t<\/div>\n\t\t<\/div>\n\t\t\t\t\t\t\t<\/div>\n\t\t<\/section>\n\t\t\t\t\t\t\t<\/div>\n\t\t","protected":false},"excerpt":{"rendered":"<p>CGV I. Application et opposabilit\u00e9 des conditions g\u00e9n\u00e9rales de vente 1.1. Les pr\u00e9sentes conditions g\u00e9n\u00e9rales de vente sont port\u00e9es \u00e0 la connaissance de chaque client pour lui permettre de passer commande. 1.2. En cons\u00e9quence, le fait de passer commande implique l\u2019acceptation enti\u00e8re et sans r\u00e9serve du client \u00e0 ces conditions g\u00e9n\u00e9rales de vente. 1.3. Aucune &hellip;<\/p>\n","protected":false},"author":1,"featured_media":0,"parent":0,"menu_order":0,"comment_status":"closed","ping_status":"closed","template":"","meta":[],"yoast_head":"<!-- This site is optimized with the Yoast SEO plugin v19.8 - https:\/\/yoast.com\/wordpress\/plugins\/seo\/ -->\n<title>CGV - Chocolaterie Lamy<\/title>\n<meta name=\"description\" content=\"D\u00e9couvrez l\u2019univers de la Chocolaterie en sillonnant avec curiosit\u00e9 son magasin, son atelier de fabrication et ses produits de fabrication 100% maison\" \/>\n<meta name=\"robots\" content=\"index, follow, max-snippet:-1, max-image-preview:large, max-video-preview:-1\" \/>\n<link rel=\"canonical\" href=\"https:\/\/www.chocolaterie-lamy.com\/boutique\/cgv\/\" \/>\n<meta property=\"og:locale\" content=\"fr_FR\" \/>\n<meta property=\"og:type\" content=\"article\" \/>\n<meta property=\"og:title\" content=\"CGV - Chocolaterie Lamy\" \/>\n<meta property=\"og:description\" content=\"D\u00e9couvrez l\u2019univers de la Chocolaterie en sillonnant avec curiosit\u00e9 son magasin, son atelier de fabrication et ses produits de fabrication 100% maison\" \/>\n<meta property=\"og:url\" content=\"https:\/\/www.chocolaterie-lamy.com\/boutique\/cgv\/\" \/>\n<meta property=\"og:site_name\" content=\"Chocolaterie Lamy\" \/>\n<meta property=\"article:modified_time\" content=\"2022-11-08T16:37:28+00:00\" \/>\n<meta name=\"twitter:card\" content=\"summary_large_image\" \/>\n<meta name=\"twitter:label1\" content=\"Dur\u00e9e de lecture estim\u00e9e\" \/>\n\t<meta name=\"twitter:data1\" content=\"7 minutes\" \/>\n<script type=\"application\/ld+json\" class=\"yoast-schema-graph\">{\"@context\":\"https:\/\/schema.org\",\"@graph\":[{\"@type\":\"WebPage\",\"@id\":\"https:\/\/www.chocolaterie-lamy.com\/boutique\/cgv\/\",\"url\":\"https:\/\/www.chocolaterie-lamy.com\/boutique\/cgv\/\",\"name\":\"CGV - Chocolaterie Lamy\",\"isPartOf\":{\"@id\":\"https:\/\/www.chocolaterie-lamy.com\/boutique\/#website\"},\"datePublished\":\"2022-08-25T15:26:55+00:00\",\"dateModified\":\"2022-11-08T16:37:28+00:00\",\"description\":\"D\u00e9couvrez l\u2019univers de la Chocolaterie en sillonnant avec curiosit\u00e9 son magasin, son atelier de fabrication et ses produits de fabrication 100% maison\",\"inLanguage\":\"fr-FR\",\"potentialAction\":[{\"@type\":\"ReadAction\",\"target\":[\"https:\/\/www.chocolaterie-lamy.com\/boutique\/cgv\/\"]}]},{\"@type\":\"WebSite\",\"@id\":\"https:\/\/www.chocolaterie-lamy.com\/boutique\/#website\",\"url\":\"https:\/\/www.chocolaterie-lamy.com\/boutique\/\",\"name\":\"Chocolaterie Lamy\",\"description\":\"Chocolats de fabrication 100% maison\",\"potentialAction\":[{\"@type\":\"SearchAction\",\"target\":{\"@type\":\"EntryPoint\",\"urlTemplate\":\"https:\/\/www.chocolaterie-lamy.com\/boutique\/?s={search_term_string}\"},\"query-input\":\"required name=search_term_string\"}],\"inLanguage\":\"fr-FR\"}]}<\/script>\n<!-- \/ Yoast SEO plugin. -->","yoast_head_json":{"title":"CGV - Chocolaterie Lamy","description":"D\u00e9couvrez l\u2019univers de la Chocolaterie en sillonnant avec curiosit\u00e9 son magasin, son atelier de fabrication et ses produits de fabrication 100% maison","robots":{"index":"index","follow":"follow","max-snippet":"max-snippet:-1","max-image-preview":"max-image-preview:large","max-video-preview":"max-video-preview:-1"},"canonical":"https:\/\/www.chocolaterie-lamy.com\/boutique\/cgv\/","og_locale":"fr_FR","og_type":"article","og_title":"CGV - Chocolaterie Lamy","og_description":"D\u00e9couvrez l\u2019univers de la Chocolaterie en sillonnant avec curiosit\u00e9 son magasin, son atelier de fabrication et ses produits de fabrication 100% maison","og_url":"https:\/\/www.chocolaterie-lamy.com\/boutique\/cgv\/","og_site_name":"Chocolaterie Lamy","article_modified_time":"2022-11-08T16:37:28+00:00","twitter_card":"summary_large_image","twitter_misc":{"Dur\u00e9e de lecture estim\u00e9e":"7 minutes"},"schema":{"@context":"https:\/\/schema.org","@graph":[{"@type":"WebPage","@id":"https:\/\/www.chocolaterie-lamy.com\/boutique\/cgv\/","url":"https:\/\/www.chocolaterie-lamy.com\/boutique\/cgv\/","name":"CGV - Chocolaterie Lamy","isPartOf":{"@id":"https:\/\/www.chocolaterie-lamy.com\/boutique\/#website"},"datePublished":"2022-08-25T15:26:55+00:00","dateModified":"2022-11-08T16:37:28+00:00","description":"D\u00e9couvrez l\u2019univers de la Chocolaterie en sillonnant avec curiosit\u00e9 son magasin, son atelier de fabrication et ses produits de fabrication 100% maison","inLanguage":"fr-FR","potentialAction":[{"@type":"ReadAction","target":["https:\/\/www.chocolaterie-lamy.com\/boutique\/cgv\/"]}]},{"@type":"WebSite","@id":"https:\/\/www.chocolaterie-lamy.com\/boutique\/#website","url":"https:\/\/www.chocolaterie-lamy.com\/boutique\/","name":"Chocolaterie Lamy","description":"Chocolats de fabrication 100% maison","potentialAction":[{"@type":"SearchAction","target":{"@type":"EntryPoint","urlTemplate":"https:\/\/www.chocolaterie-lamy.com\/boutique\/?s={search_term_string}"},"query-input":"required name=search_term_string"}],"inLanguage":"fr-FR"}]}},"post_mailing_queue_ids":[],"_links":{"self":[{"href":"https:\/\/www.chocolaterie-lamy.com\/boutique\/wp-json\/wp\/v2\/pages\/2434"}],"collection":[{"href":"https:\/\/www.chocolaterie-lamy.com\/boutique\/wp-json\/wp\/v2\/pages"}],"about":[{"href":"https:\/\/www.chocolaterie-lamy.com\/boutique\/wp-json\/wp\/v2\/types\/page"}],"author":[{"embeddable":true,"href":"https:\/\/www.chocolaterie-lamy.com\/boutique\/wp-json\/wp\/v2\/users\/1"}],"replies":[{"embeddable":true,"href":"https:\/\/www.chocolaterie-lamy.com\/boutique\/wp-json\/wp\/v2\/comments?post=2434"}],"version-history":[{"count":22,"href":"https:\/\/www.chocolaterie-lamy.com\/boutique\/wp-json\/wp\/v2\/pages\/2434\/revisions"}],"predecessor-version":[{"id":2801,"href":"https:\/\/www.chocolaterie-lamy.com\/boutique\/wp-json\/wp\/v2\/pages\/2434\/revisions\/2801"}],"wp:attachment":[{"href":"https:\/\/www.chocolaterie-lamy.com\/boutique\/wp-json\/wp\/v2\/media?parent=2434"}],"curies":[{"name":"wp","href":"https:\/\/api.w.org\/{rel}","templated":true}]}}